{"id":17,"date":"2023-01-29T13:25:18","date_gmt":"2023-01-29T12:25:18","guid":{"rendered":"http:\/\/elektro-warnk.de\/?page_id=17"},"modified":"2023-02-03T11:12:42","modified_gmt":"2023-02-03T10:12:42","slug":"ueber-uns","status":"publish","type":"page","link":"https:\/\/elektro-warnk.de\/?page_id=17","title":{"rendered":"\u00dcber uns"},"content":{"rendered":"\n<p>Nach Erwerb der Meisterqualifikation im Jahr 1992 wurde die Fa. Elektro-Warnk am 04.01.1999 durch den Inhaber Volker Warnk gegr\u00fcndet.<\/p>\n\n\n\n<div class=\"wp-block-media-text is-stacked-on-mobile\" style=\"grid-template-columns:15% auto\"><figure class=\"wp-block-media-text__media\"><img loading=\"lazy\" decoding=\"async\" width=\"270\" height=\"241\" src=\"https:\/\/elektro-warnk.de\/wp-content\/uploads\/2023\/01\/logo_elektro.png\" alt=\"\" class=\"wp-image-18 size-full\"\/><\/figure><div class=\"wp-block-media-text__content\">\n<p>Ans\u00e4ssig in Vielank, OT Woosmer sind hier momentan vier erfahrene Elektroinstallateure besch\u00e4ftigt, die die unterschiedlichsten Aufgaben im privaten und gewerblichen Bereich l\u00f6sen.<\/p>\n<\/div><\/div>\n\n\n\n<p><a href=\"https:\/\/elektro-warnk.de\/?page_id=29\">Kontakt<\/a><\/p>\n\n\n\n<p id=\"anfahrt-anker\">Standort und Anfahrt (bitte auf die Karte klicken)<\/p>\n\n\n\n<figure class=\"wp-block-image size-full\"><a href=\"https:\/\/www.google.de\/maps\/dir\/\/Wehninger+Stra%C3%9Fe+8,+19303+Woosmer\/@53.1999164,11.1804474,13z\/data=!4m8!4m7!1m0!1m5!1m1!1s0x47ae426ff18aa2df:0xeef8332f5e544c5c!2m2!1d11.1804474!2d53.1999164\" target=\"_blank\" rel=\"noreferrer noopener\"><img loading=\"lazy\" decoding=\"async\" width=\"768\" height=\"488\" src=\"https:\/\/elektro-warnk.de\/wp-content\/uploads\/2023\/01\/Google-768x488-1.jpg\" alt=\"\" class=\"wp-image-22\" srcset=\"https:\/\/elektro-warnk.de\/wp-content\/uploads\/2023\/01\/Google-768x488-1.jpg 768w, https:\/\/elektro-warnk.de\/wp-content\/uploads\/2023\/01\/Google-768x488-1-300x191.jpg 300w\" sizes=\"auto, (max-width: 768px) 100vw, 768px\" \/><\/a><\/figure>\n","protected":false},"excerpt":{"rendered":"<p>Nach Erwerb der Meisterqualifikation im Jahr 1992 wurde die Fa. Elektro-Warnk am 04.01.1999 durch den Inhaber Volker Warnk gegr\u00fcndet. Ans\u00e4ssig in Vielank, OT Woosmer sind hier momentan vier erfahrene Elektroinstallateure besch\u00e4ftigt, die die unterschiedlichsten Aufgaben im privaten und gewerblichen Bereich l\u00f6sen. Kontakt Standort und Anfahrt (bitte auf die Karte klicken)<\/p>\n","protected":false},"author":1,"featured_media":0,"parent":0,"menu_order":0,"comment_status":"closed","ping_status":"closed","template":"","meta":{"ngg_post_thumbnail":0,"footnotes":""},"class_list":["post-17","page","type-page","status-publish","hentry"],"blocksy_meta":{"styles_descriptor":{"styles":{"desktop":"","tablet":"","mobile":""},"google_fonts":[],"version":6}},"_links":{"self":[{"href":"https:\/\/elektro-warnk.de\/index.php?rest_route=\/wp\/v2\/pages\/17","targetHints":{"allow":["GET"]}}],"collection":[{"href":"https:\/\/elektro-warnk.de\/index.php?rest_route=\/wp\/v2\/pages"}],"about":[{"href":"https:\/\/elektro-warnk.de\/index.php?rest_route=\/wp\/v2\/types\/page"}],"author":[{"embeddable":true,"href":"https:\/\/elektro-warnk.de\/index.php?rest_route=\/wp\/v2\/users\/1"}],"replies":[{"embeddable":true,"href":"https:\/\/elektro-warnk.de\/index.php?rest_route=%2Fwp%2Fv2%2Fcomments&post=17"}],"version-history":[{"count":8,"href":"https:\/\/elektro-warnk.de\/index.php?rest_route=\/wp\/v2\/pages\/17\/revisions"}],"predecessor-version":[{"id":494,"href":"https:\/\/elektro-warnk.de\/index.php?rest_route=\/wp\/v2\/pages\/17\/revisions\/494"}],"wp:attachment":[{"href":"https:\/\/elektro-warnk.de\/index.php?rest_route=%2Fwp%2Fv2%2Fmedia&parent=17"}],"curies":[{"name":"wp","href":"https:\/\/api.w.org\/{rel}","templated":true}]}}