{"id":244,"date":"2023-01-29T17:50:54","date_gmt":"2023-01-29T16:50:54","guid":{"rendered":"http:\/\/elektro-warnk.de\/?page_id=244"},"modified":"2023-01-30T16:03:04","modified_gmt":"2023-01-30T15:03:04","slug":"netzwerk_dankwardt","status":"publish","type":"page","link":"https:\/\/elektro-warnk.de\/?page_id=244","title":{"rendered":"Netzwerk_Dankwardt"},"content":{"rendered":"\n<p><strong>R. Dankwardt GmbH Norderstedt &#8211; Netzwerkinstallation<\/strong><\/p>\n\n\n\n<p>Komplette Neuinstallation Netzwerk B\u00fcro und Hallengeb\u00e4ude<\/p>\n\n\n\n<p>Verlegung von ca. 5000 m Duplexleitung CAT7<\/p>\n\n\n\n<p>Installation von 2 Netzwerkschr\u00e4nken und 8 Patchfeldern f\u00fcr ca. 200 Netzwerkteilnehmer<\/p>\n\n\n\nngg_shortcode_0_placeholder\n\n\n\n<div class=\"wp-block-buttons is-layout-flex wp-block-buttons-is-layout-flex\">\n<div class=\"wp-block-button\"><a class=\"wp-block-button__link wp-element-button\" href=\"https:\/\/elektro-warnk.de\/?page_id=92\">zur\u00fcck<\/a><\/div>\n<\/div>\n","protected":false},"excerpt":{"rendered":"<p>R. Dankwardt GmbH Norderstedt &#8211; Netzwerkinstallation Komplette Neuinstallation Netzwerk B\u00fcro und Hallengeb\u00e4ude Verlegung von ca. 5000 m Duplexleitung CAT7 Installation von 2 Netzwerkschr\u00e4nken und 8 Patchfeldern f\u00fcr ca. 200 Netzwerkteilnehmer<\/p>\n","protected":false},"author":1,"featured_media":0,"parent":0,"menu_order":0,"comment_status":"closed","ping_status":"closed","template":"","meta":{"ngg_post_thumbnail":0,"footnotes":""},"class_list":["post-244","page","type-page","status-publish","hentry"],"blocksy_meta":{"styles_descriptor":{"styles":{"desktop":"","tablet":"","mobile":""},"google_fonts":[],"version":6}},"_links":{"self":[{"href":"https:\/\/elektro-warnk.de\/index.php?rest_route=\/wp\/v2\/pages\/244","targetHints":{"allow":["GET"]}}],"collection":[{"href":"https:\/\/elektro-warnk.de\/index.php?rest_route=\/wp\/v2\/pages"}],"about":[{"href":"https:\/\/elektro-warnk.de\/index.php?rest_route=\/wp\/v2\/types\/page"}],"author":[{"embeddable":true,"href":"https:\/\/elektro-warnk.de\/index.php?rest_route=\/wp\/v2\/users\/1"}],"replies":[{"embeddable":true,"href":"https:\/\/elektro-warnk.de\/index.php?rest_route=%2Fwp%2Fv2%2Fcomments&post=244"}],"version-history":[{"count":2,"href":"https:\/\/elektro-warnk.de\/index.php?rest_route=\/wp\/v2\/pages\/244\/revisions"}],"predecessor-version":[{"id":408,"href":"https:\/\/elektro-warnk.de\/index.php?rest_route=\/wp\/v2\/pages\/244\/revisions\/408"}],"wp:attachment":[{"href":"https:\/\/elektro-warnk.de\/index.php?rest_route=%2Fwp%2Fv2%2Fmedia&parent=244"}],"curies":[{"name":"wp","href":"https:\/\/api.w.org\/{rel}","templated":true}]}}