{"id":254,"date":"2023-01-29T18:12:38","date_gmt":"2023-01-29T17:12:38","guid":{"rendered":"http:\/\/elektro-warnk.de\/?page_id=254"},"modified":"2023-01-30T16:02:18","modified_gmt":"2023-01-30T15:02:18","slug":"lichterketten_ludwigslust","status":"publish","type":"page","link":"https:\/\/elektro-warnk.de\/?page_id=254","title":{"rendered":"Lichterketten_Ludwigslust"},"content":{"rendered":"\n<p><strong>Stadt Ludwigslust &#8211; Montage von Lichterketten in der Schlo\u00dfstra\u00dfe<\/strong><\/p>\n\n\n\n<p>Montage + Demontage, Wartung, Reparatur und Einlagerung<\/p>\n\n\n\n<p>Beginn 2004 mit 28 Lichterketten, 2013 ca. 100 Lichterketten f\u00fcr die Gewerbetreibenden der Stadt Ludwigslust<\/p>\n\n\n\n<p>Einsatz von 4 Monteuren und zwei selbstfahrenden Hubsteigern<\/p>\n\n\n\nngg_shortcode_0_placeholder\n\n\n\n<div class=\"wp-block-buttons is-layout-flex wp-block-buttons-is-layout-flex\">\n<div class=\"wp-block-button\"><a class=\"wp-block-button__link wp-element-button\" href=\"https:\/\/elektro-warnk.de\/?page_id=92\">zur\u00fcck<\/a><\/div>\n<\/div>\n","protected":false},"excerpt":{"rendered":"<p>Stadt Ludwigslust &#8211; Montage von Lichterketten in der Schlo\u00dfstra\u00dfe Montage + Demontage, Wartung, Reparatur und Einlagerung Beginn 2004 mit 28 Lichterketten, 2013 ca. 100 Lichterketten f\u00fcr die Gewerbetreibenden der Stadt Ludwigslust Einsatz von 4 Monteuren und zwei selbstfahrenden Hubsteigern<\/p>\n","protected":false},"author":1,"featured_media":0,"parent":0,"menu_order":0,"comment_status":"closed","ping_status":"closed","template":"","meta":{"ngg_post_thumbnail":0,"footnotes":""},"class_list":["post-254","page","type-page","status-publish","hentry"],"blocksy_meta":{"styles_descriptor":{"styles":{"desktop":"","tablet":"","mobile":""},"google_fonts":[],"version":6}},"_links":{"self":[{"href":"https:\/\/elektro-warnk.de\/index.php?rest_route=\/wp\/v2\/pages\/254","targetHints":{"allow":["GET"]}}],"collection":[{"href":"https:\/\/elektro-warnk.de\/index.php?rest_route=\/wp\/v2\/pages"}],"about":[{"href":"https:\/\/elektro-warnk.de\/index.php?rest_route=\/wp\/v2\/types\/page"}],"author":[{"embeddable":true,"href":"https:\/\/elektro-warnk.de\/index.php?rest_route=\/wp\/v2\/users\/1"}],"replies":[{"embeddable":true,"href":"https:\/\/elektro-warnk.de\/index.php?rest_route=%2Fwp%2Fv2%2Fcomments&post=254"}],"version-history":[{"count":2,"href":"https:\/\/elektro-warnk.de\/index.php?rest_route=\/wp\/v2\/pages\/254\/revisions"}],"predecessor-version":[{"id":407,"href":"https:\/\/elektro-warnk.de\/index.php?rest_route=\/wp\/v2\/pages\/254\/revisions\/407"}],"wp:attachment":[{"href":"https:\/\/elektro-warnk.de\/index.php?rest_route=%2Fwp%2Fv2%2Fmedia&parent=254"}],"curies":[{"name":"wp","href":"https:\/\/api.w.org\/{rel}","templated":true}]}}