{"id":273,"date":"2023-01-30T10:36:24","date_gmt":"2023-01-30T09:36:24","guid":{"rendered":"http:\/\/elektro-warnk.de\/?page_id=273"},"modified":"2023-01-30T15:49:36","modified_gmt":"2023-01-30T14:49:36","slug":"cockpit_amas","status":"publish","type":"page","link":"https:\/\/elektro-warnk.de\/?page_id=273","title":{"rendered":"Cockpit_AMAS"},"content":{"rendered":"\n<p><strong>AMAS Engineering GmbH Neu-Kali\u00df \u2013 <\/strong>Cockpitb\u00fchnen\/Fl\u00fcgelwurzelb\u00fchnen AIRBUS Hamburg<\/p>\n\n\n\n<p>Komplette Installation und Inbetriebnahme in Hamburg und Neu-Kali\u00df<\/p>\n\n\n\nngg_shortcode_0_placeholder\n\n\n\n<div class=\"wp-block-buttons is-layout-flex wp-block-buttons-is-layout-flex\">\n<div class=\"wp-block-button\"><a class=\"wp-block-button__link wp-element-button\" href=\"https:\/\/elektro-warnk.de\/?page_id=92\">zur\u00fcck<\/a><\/div>\n<\/div>\n","protected":false},"excerpt":{"rendered":"<p>AMAS Engineering GmbH Neu-Kali\u00df \u2013 Cockpitb\u00fchnen\/Fl\u00fcgelwurzelb\u00fchnen AIRBUS Hamburg Komplette Installation und Inbetriebnahme in Hamburg und Neu-Kali\u00df<\/p>\n","protected":false},"author":1,"featured_media":0,"parent":0,"menu_order":0,"comment_status":"closed","ping_status":"closed","template":"","meta":{"ngg_post_thumbnail":0,"footnotes":""},"class_list":["post-273","page","type-page","status-publish","hentry"],"blocksy_meta":{"styles_descriptor":{"styles":{"desktop":"","tablet":"","mobile":""},"google_fonts":[],"version":6}},"_links":{"self":[{"href":"https:\/\/elektro-warnk.de\/index.php?rest_route=\/wp\/v2\/pages\/273","targetHints":{"allow":["GET"]}}],"collection":[{"href":"https:\/\/elektro-warnk.de\/index.php?rest_route=\/wp\/v2\/pages"}],"about":[{"href":"https:\/\/elektro-warnk.de\/index.php?rest_route=\/wp\/v2\/types\/page"}],"author":[{"embeddable":true,"href":"https:\/\/elektro-warnk.de\/index.php?rest_route=\/wp\/v2\/users\/1"}],"replies":[{"embeddable":true,"href":"https:\/\/elektro-warnk.de\/index.php?rest_route=%2Fwp%2Fv2%2Fcomments&post=273"}],"version-history":[{"count":2,"href":"https:\/\/elektro-warnk.de\/index.php?rest_route=\/wp\/v2\/pages\/273\/revisions"}],"predecessor-version":[{"id":401,"href":"https:\/\/elektro-warnk.de\/index.php?rest_route=\/wp\/v2\/pages\/273\/revisions\/401"}],"wp:attachment":[{"href":"https:\/\/elektro-warnk.de\/index.php?rest_route=%2Fwp%2Fv2%2Fmedia&parent=273"}],"curies":[{"name":"wp","href":"https:\/\/api.w.org\/{rel}","templated":true}]}}