{"id":322,"date":"2023-01-30T12:53:28","date_gmt":"2023-01-30T11:53:28","guid":{"rendered":"http:\/\/elektro-warnk.de\/?page_id=322"},"modified":"2023-02-01T12:28:50","modified_gmt":"2023-02-01T11:28:50","slug":"elektro-installation","status":"publish","type":"page","link":"https:\/\/elektro-warnk.de\/?page_id=322","title":{"rendered":"Elektro-Installation"},"content":{"rendered":"\n<h4 class=\"wp-block-heading\">Elektro-Installation<\/h4>\n\n\n\n<p>Konform gehend mit den rechtsverbindlichen VDE-Bestimmungen und DIN-Normen errichten wir elektrische und elektrotechnische Anlagen in der klassischen Hausinstallation.<\/p>\n\n\n\n<div class=\"wp-block-media-text has-media-on-the-right is-stacked-on-mobile\" style=\"grid-template-columns:auto 42%\"><div class=\"wp-block-media-text__content\">\n<p>Diese Leistungen umfassen die Leitungsverlegung, die Montage von Verteilern, \u00dcberstromschutzeinrichtungen, Fehlerstromschutzschaltern, Leitungsschutzschaltern, Leuchten, Elektroger\u00e4ten, elektrischen Maschinen, Sensoren, wie Bewegungsmeldern, D\u00e4mmerungsschaltern, sowie Schaltern, Tastern und Steckdosen.<\/p>\n\n\n\n<p><\/p>\n<\/div><figure class=\"wp-block-media-text__media\"><img loading=\"lazy\" decoding=\"async\" width=\"814\" height=\"271\" src=\"https:\/\/elektro-warnk.de\/wp-content\/uploads\/2023\/01\/Gluehlampe_Stecker.jpg\" alt=\"\" class=\"wp-image-330 size-full\" srcset=\"https:\/\/elektro-warnk.de\/wp-content\/uploads\/2023\/01\/Gluehlampe_Stecker.jpg 814w, https:\/\/elektro-warnk.de\/wp-content\/uploads\/2023\/01\/Gluehlampe_Stecker-300x100.jpg 300w, https:\/\/elektro-warnk.de\/wp-content\/uploads\/2023\/01\/Gluehlampe_Stecker-768x256.jpg 768w\" sizes=\"auto, (max-width: 814px) 100vw, 814px\" \/><\/figure><\/div>\n\n\n\n<p>Auch die immer wichtiger werdenden Bereiche Netzwerk und Bussysteme bedienen wir zunehmend im privaten Installationsbereich. Die Realisierung von Komplettl\u00f6sungen auf dem Gebiet der HOME-Automatisierung f\u00fchrt zu erheblichen Einsparungen im Energiebereich und schont somit Ihren Geldbeutel und die Umwelt. F\u00fcr weiterf\u00fchrende Informationen stehen wir Ihnen selbstverst\u00e4ndlich zur Verf\u00fcgung.<\/p>\n\n\n\n<div class=\"wp-block-buttons is-layout-flex wp-block-buttons-is-layout-flex\">\n<div class=\"wp-block-button\"><a class=\"wp-block-button__link wp-element-button\" href=\"https:\/\/elektro-warnk.de\/?page_id=98\">zur\u00fcck<\/a><\/div>\n<\/div>\n","protected":false},"excerpt":{"rendered":"<p>Elektro-Installation Konform gehend mit den rechtsverbindlichen VDE-Bestimmungen und DIN-Normen errichten wir elektrische und elektrotechnische Anlagen in der klassischen Hausinstallation. Diese Leistungen umfassen die Leitungsverlegung, die Montage von Verteilern, \u00dcberstromschutzeinrichtungen, Fehlerstromschutzschaltern, Leitungsschutzschaltern, Leuchten, Elektroger\u00e4ten, elektrischen Maschinen, Sensoren, wie Bewegungsmeldern, D\u00e4mmerungsschaltern, sowie Schaltern, Tastern und Steckdosen. Auch die immer wichtiger werdenden Bereiche Netzwerk und Bussysteme bedienen wir [&hellip;]<\/p>\n","protected":false},"author":1,"featured_media":0,"parent":0,"menu_order":0,"comment_status":"closed","ping_status":"closed","template":"","meta":{"ngg_post_thumbnail":0,"footnotes":""},"class_list":["post-322","page","type-page","status-publish","hentry"],"blocksy_meta":{"styles_descriptor":{"styles":{"desktop":"","tablet":"","mobile":""},"google_fonts":[],"version":6}},"_links":{"self":[{"href":"https:\/\/elektro-warnk.de\/index.php?rest_route=\/wp\/v2\/pages\/322","targetHints":{"allow":["GET"]}}],"collection":[{"href":"https:\/\/elektro-warnk.de\/index.php?rest_route=\/wp\/v2\/pages"}],"about":[{"href":"https:\/\/elektro-warnk.de\/index.php?rest_route=\/wp\/v2\/types\/page"}],"author":[{"embeddable":true,"href":"https:\/\/elektro-warnk.de\/index.php?rest_route=\/wp\/v2\/users\/1"}],"replies":[{"embeddable":true,"href":"https:\/\/elektro-warnk.de\/index.php?rest_route=%2Fwp%2Fv2%2Fcomments&post=322"}],"version-history":[{"count":6,"href":"https:\/\/elektro-warnk.de\/index.php?rest_route=\/wp\/v2\/pages\/322\/revisions"}],"predecessor-version":[{"id":460,"href":"https:\/\/elektro-warnk.de\/index.php?rest_route=\/wp\/v2\/pages\/322\/revisions\/460"}],"wp:attachment":[{"href":"https:\/\/elektro-warnk.de\/index.php?rest_route=%2Fwp%2Fv2%2Fmedia&parent=322"}],"curies":[{"name":"wp","href":"https:\/\/api.w.org\/{rel}","templated":true}]}}