{"id":345,"date":"2023-01-30T13:09:22","date_gmt":"2023-01-30T12:09:22","guid":{"rendered":"http:\/\/elektro-warnk.de\/?page_id=345"},"modified":"2023-02-01T12:30:10","modified_gmt":"2023-02-01T11:30:10","slug":"schaltschrankbau","status":"publish","type":"page","link":"https:\/\/elektro-warnk.de\/?page_id=345","title":{"rendered":"Schaltschrankbau"},"content":{"rendered":"\n<h4 class=\"wp-block-heading\">Schaltschrankbau<\/h4>\n\n\n\n<p>Im industriellen Schaltschrankbau geht es in erster Linie um ein \u00fcbersichtliches, elektrisches Verbinden verschiedenster Komponenten. Ziel eines Schaltschranks ist der Schutz der elektrischen und elektronischen Betriebsmittel vor Staub und Feuchtigkeit, \u00dcberhitzung, elektromagnetischer als auch mechanischer Beeinflussung. F\u00fcr den Betreiber bietet er Schutz vor gef\u00e4hrlichen Ber\u00fchrungsspannungen sowie Brandschutz.<\/p>\n\n\n\n<div class=\"wp-block-media-text has-media-on-the-right is-stacked-on-mobile\" style=\"grid-template-columns:auto 37%\"><div class=\"wp-block-media-text__content\">\n<p>Die Leistungen im \u00dcberblick:<\/p>\n\n\n\n<ul class=\"wp-block-list\">\n<li>Typgepr\u00fcfte Hochstromverteiler von 1000 bis 4000 A<\/li>\n\n\n\n<li>Verteiler f\u00fcr die Geb\u00e4udeautomation von 250 bis 800 A<\/li>\n\n\n\n<li>Hochwertige technische Dokumentationen (Aufbau-, Stromlauf- und Klemmenpl\u00e4ne)<\/li>\n\n\n\n<li>Verarbeitung innovativer Bussysteme wie LON, EIB, LCN und Profibus\/Profinet<\/li>\n\n\n\n<li>Kompensationsanlagen passend zur Niederspannungshauptverteilung<\/li>\n\n\n\n<li>Revision technischer Unterlagen<\/li>\n<\/ul>\n<\/div><figure class=\"wp-block-media-text__media\"><img loading=\"lazy\" decoding=\"async\" width=\"1024\" height=\"700\" src=\"https:\/\/elektro-warnk.de\/wp-content\/uploads\/2023\/01\/UV-AMAS-1024x700.jpg\" alt=\"\" class=\"wp-image-346 size-full\" srcset=\"https:\/\/elektro-warnk.de\/wp-content\/uploads\/2023\/01\/UV-AMAS-1024x700.jpg 1024w, https:\/\/elektro-warnk.de\/wp-content\/uploads\/2023\/01\/UV-AMAS-300x205.jpg 300w, https:\/\/elektro-warnk.de\/wp-content\/uploads\/2023\/01\/UV-AMAS-768x525.jpg 768w, https:\/\/elektro-warnk.de\/wp-content\/uploads\/2023\/01\/UV-AMAS-1536x1050.jpg 1536w, https:\/\/elektro-warnk.de\/wp-content\/uploads\/2023\/01\/UV-AMAS.jpg 1604w\" sizes=\"auto, (max-width: 1024px) 100vw, 1024px\" \/><\/figure><\/div>\n\n\n\n<div class=\"wp-block-buttons is-layout-flex wp-block-buttons-is-layout-flex\">\n<div class=\"wp-block-button\"><a class=\"wp-block-button__link wp-element-button\" href=\"https:\/\/elektro-warnk.de\/?page_id=98\">zur\u00fcck<\/a><\/div>\n<\/div>\n","protected":false},"excerpt":{"rendered":"<p>Schaltschrankbau Im industriellen Schaltschrankbau geht es in erster Linie um ein \u00fcbersichtliches, elektrisches Verbinden verschiedenster Komponenten. Ziel eines Schaltschranks ist der Schutz der elektrischen und elektronischen Betriebsmittel vor Staub und Feuchtigkeit, \u00dcberhitzung, elektromagnetischer als auch mechanischer Beeinflussung. F\u00fcr den Betreiber bietet er Schutz vor gef\u00e4hrlichen Ber\u00fchrungsspannungen sowie Brandschutz.<\/p>\n","protected":false},"author":1,"featured_media":0,"parent":0,"menu_order":0,"comment_status":"closed","ping_status":"closed","template":"","meta":{"ngg_post_thumbnail":0,"footnotes":""},"class_list":["post-345","page","type-page","status-publish","hentry"],"blocksy_meta":{"styles_descriptor":{"styles":{"desktop":"","tablet":"","mobile":""},"google_fonts":[],"version":6}},"_links":{"self":[{"href":"https:\/\/elektro-warnk.de\/index.php?rest_route=\/wp\/v2\/pages\/345","targetHints":{"allow":["GET"]}}],"collection":[{"href":"https:\/\/elektro-warnk.de\/index.php?rest_route=\/wp\/v2\/pages"}],"about":[{"href":"https:\/\/elektro-warnk.de\/index.php?rest_route=\/wp\/v2\/types\/page"}],"author":[{"embeddable":true,"href":"https:\/\/elektro-warnk.de\/index.php?rest_route=\/wp\/v2\/users\/1"}],"replies":[{"embeddable":true,"href":"https:\/\/elektro-warnk.de\/index.php?rest_route=%2Fwp%2Fv2%2Fcomments&post=345"}],"version-history":[{"count":3,"href":"https:\/\/elektro-warnk.de\/index.php?rest_route=\/wp\/v2\/pages\/345\/revisions"}],"predecessor-version":[{"id":462,"href":"https:\/\/elektro-warnk.de\/index.php?rest_route=\/wp\/v2\/pages\/345\/revisions\/462"}],"wp:attachment":[{"href":"https:\/\/elektro-warnk.de\/index.php?rest_route=%2Fwp%2Fv2%2Fmedia&parent=345"}],"curies":[{"name":"wp","href":"https:\/\/api.w.org\/{rel}","templated":true}]}}