{"id":349,"date":"2023-01-30T13:13:33","date_gmt":"2023-01-30T12:13:33","guid":{"rendered":"http:\/\/elektro-warnk.de\/?page_id=349"},"modified":"2023-01-30T15:46:23","modified_gmt":"2023-01-30T14:46:23","slug":"blitzschutz","status":"publish","type":"page","link":"https:\/\/elektro-warnk.de\/?page_id=349","title":{"rendered":"Blitzschutz"},"content":{"rendered":"\n<h4 class=\"wp-block-heading\">Blitzschutz und Erdungsanlagen<\/h4>\n\n\n\n<p>Blitzschutz nimmt zunehmend eine immer gr\u00f6\u00dfere Rolle bei der Bewahrung von Anlagen und Geb\u00e4uden vor Sch\u00e4den ein. Sehr hohe Kosten verursachen die sch\u00e4dlichen Auswirkungen, die aus direkten Einschl\u00e4gen, sowie aus Einkopplungen durch starke, elektromagnetische Felder (\u00dcberspannung) resultieren.<\/p>\n\n\n\n<div class=\"wp-block-media-text alignwide has-media-on-the-right is-stacked-on-mobile\"><div class=\"wp-block-media-text__content\">\n<p>Durch eine optimale Abstimmung aller Komponenten beim Bau eines inneren und \u00e4u\u00dferen Blitzschutzsystems werden solche Auswirkungen verhindert bzw. minimiert.<\/p>\n\n\n\n<p>Als Teil des \u00e4u\u00dferen Blitzschutz ist die Erdungsanlage zu verstehen, deren Aufgabe es ist, auftretende Str\u00f6me sicher gegen Erde abzuleiten. ein fehlerhaftes Erdungssystem stellt ein h\u00f6heres Gef\u00e4hrdungspotential dar, da die auftretenden Str\u00f6me nicht mehr direkt in die Erde geleitet werden k\u00f6nnen. Somit kommt es zu unkontrollierten \u00dcberschl\u00e4gen, die im Innern von Geb\u00e4uden und Anlagen starke Sch\u00e4den verursachen k\u00f6nnen.<\/p>\n<\/div><figure class=\"wp-block-media-text__media\"><img loading=\"lazy\" decoding=\"async\" width=\"378\" height=\"102\" src=\"https:\/\/elektro-warnk.de\/wp-content\/uploads\/2023\/01\/erdung.png\" alt=\"\" class=\"wp-image-329 size-full\" srcset=\"https:\/\/elektro-warnk.de\/wp-content\/uploads\/2023\/01\/erdung.png 378w, https:\/\/elektro-warnk.de\/wp-content\/uploads\/2023\/01\/erdung-300x81.png 300w\" sizes=\"auto, (max-width: 378px) 100vw, 378px\" \/><\/figure><\/div>\n\n\n\n<p>Als qualifizierter Fachbetrieb sind wir spezialisiert, alle Arten von Blitzschutz- und Erdungsanlagen zu berechnen, zu planen und fachgerecht, gem\u00e4\u00df den geltenden, nationalen und internationalen Normen und Rechtsvorschriften auszuf\u00fchren.<\/p>\n\n\n\n<div class=\"wp-block-buttons is-layout-flex wp-block-buttons-is-layout-flex\">\n<div class=\"wp-block-button\"><a class=\"wp-block-button__link wp-element-button\" href=\"https:\/\/elektro-warnk.de\/?page_id=98\">zur\u00fcck<\/a><\/div>\n<\/div>\n","protected":false},"excerpt":{"rendered":"<p>Blitzschutz und Erdungsanlagen Blitzschutz nimmt zunehmend eine immer gr\u00f6\u00dfere Rolle bei der Bewahrung von Anlagen und Geb\u00e4uden vor Sch\u00e4den ein. Sehr hohe Kosten verursachen die sch\u00e4dlichen Auswirkungen, die aus direkten Einschl\u00e4gen, sowie aus Einkopplungen durch starke, elektromagnetische Felder (\u00dcberspannung) resultieren. Durch eine optimale Abstimmung aller Komponenten beim Bau eines inneren und \u00e4u\u00dferen Blitzschutzsystems werden solche [&hellip;]<\/p>\n","protected":false},"author":1,"featured_media":0,"parent":0,"menu_order":0,"comment_status":"closed","ping_status":"closed","template":"","meta":{"ngg_post_thumbnail":0,"footnotes":""},"class_list":["post-349","page","type-page","status-publish","hentry"],"blocksy_meta":{"styles_descriptor":{"styles":{"desktop":"","tablet":"","mobile":""},"google_fonts":[],"version":6}},"_links":{"self":[{"href":"https:\/\/elektro-warnk.de\/index.php?rest_route=\/wp\/v2\/pages\/349","targetHints":{"allow":["GET"]}}],"collection":[{"href":"https:\/\/elektro-warnk.de\/index.php?rest_route=\/wp\/v2\/pages"}],"about":[{"href":"https:\/\/elektro-warnk.de\/index.php?rest_route=\/wp\/v2\/types\/page"}],"author":[{"embeddable":true,"href":"https:\/\/elektro-warnk.de\/index.php?rest_route=\/wp\/v2\/users\/1"}],"replies":[{"embeddable":true,"href":"https:\/\/elektro-warnk.de\/index.php?rest_route=%2Fwp%2Fv2%2Fcomments&post=349"}],"version-history":[{"count":3,"href":"https:\/\/elektro-warnk.de\/index.php?rest_route=\/wp\/v2\/pages\/349\/revisions"}],"predecessor-version":[{"id":398,"href":"https:\/\/elektro-warnk.de\/index.php?rest_route=\/wp\/v2\/pages\/349\/revisions\/398"}],"wp:attachment":[{"href":"https:\/\/elektro-warnk.de\/index.php?rest_route=%2Fwp%2Fv2%2Fmedia&parent=349"}],"curies":[{"name":"wp","href":"https:\/\/api.w.org\/{rel}","templated":true}]}}