{"id":354,"date":"2023-01-30T14:08:50","date_gmt":"2023-01-30T13:08:50","guid":{"rendered":"http:\/\/elektro-warnk.de\/?page_id=354"},"modified":"2023-02-01T12:31:04","modified_gmt":"2023-02-01T11:31:04","slug":"tiefbau","status":"publish","type":"page","link":"https:\/\/elektro-warnk.de\/?page_id=354","title":{"rendered":"Tiefbau"},"content":{"rendered":"\n<h4 class=\"wp-block-heading\">Tiefbau und Kernbohrungen<\/h4>\n\n\n\n<p>Gerade im Bereich der Sanierung von bestehenden Bauten und Anlagen ist es immer wieder erforderlich, neue Wege zu finden, um zus\u00e4tzliche Leitungen zu verlegen.<\/p>\n\n\n\n<p>Auf diesem Gebiet bieten wir Ihnen Diamantkernbohrungen an und decken die Weite bis max. 175 mm (trocken mit Absaugung) und max. 300 mm (nass) ab. Diese Bohrungen sind nicht auf Elektroinstallationen beschr\u00e4nkt, sondern kommen u.a. auch im Rohrleitungsbau, hier speziell im Wasser- und Abwasserbereich zum Einsatz.<\/p>\n\n\n\n<div class=\"wp-block-media-text is-stacked-on-mobile\" style=\"grid-template-columns:31% auto\"><figure class=\"wp-block-media-text__media\"><img loading=\"lazy\" decoding=\"async\" width=\"658\" height=\"575\" src=\"https:\/\/elektro-warnk.de\/wp-content\/uploads\/2023\/01\/kernbohrung2.jpg\" alt=\"\" class=\"wp-image-334 size-full\" srcset=\"https:\/\/elektro-warnk.de\/wp-content\/uploads\/2023\/01\/kernbohrung2.jpg 658w, https:\/\/elektro-warnk.de\/wp-content\/uploads\/2023\/01\/kernbohrung2-300x262.jpg 300w\" sizes=\"auto, (max-width: 658px) 100vw, 658px\" \/><\/figure><div class=\"wp-block-media-text__content\">\n<p>Um die Leistungen in diesem Bereich zu komplettieren, sind wir auch in der Lage, mit vorhandener Technik die notwendigen Tiefbauarbeiten bis auf eine Tiefe von ca. 1,50 m auszuf\u00fchren. Hierzu geh\u00f6rt vordergr\u00fcndig die Erstellung von Rohrgr\u00e4ben, aber auch alle anderen Schachtarbeiten im Tiefbaubereich.<\/p>\n<\/div><\/div>\n\n\n\n<div class=\"wp-block-media-text has-media-on-the-right is-stacked-on-mobile\" style=\"grid-template-columns:auto 33%\"><div class=\"wp-block-media-text__content\">\n<p>Bei Notwendigkeit ist es auch m\u00f6glich, mit Hilfe von ungesteuerten Erdraketen Durch\u00f6rterungen durchzuf\u00fchren. Hier wird der Bereich von 75 mm und 130 mm abgedeckt. Die erforderlichen Schachtgenehmigungen holen wir gern f\u00fcr Sie ein und nehmen dazu Kontakt zu den Beh\u00f6rden auf. Selbstverst\u00e4ndlich ist die Erstellung von Start- und Zielgruben in dieser Leistung inbegriffen.<\/p>\n\n\n\n<p>Auch in diesem Bereich sichern wir Ihnen eine fachgerechte Ausf\u00fchrung zu!<\/p>\n<\/div><figure class=\"wp-block-media-text__media\"><img loading=\"lazy\" decoding=\"async\" width=\"298\" height=\"210\" src=\"https:\/\/elektro-warnk.de\/wp-content\/uploads\/2023\/01\/erdrakete.jpg\" alt=\"\" class=\"wp-image-328 size-full\"\/><\/figure><\/div>\n\n\n\n<div class=\"wp-block-buttons is-layout-flex wp-block-buttons-is-layout-flex\">\n<div class=\"wp-block-button\"><a class=\"wp-block-button__link wp-element-button\" href=\"https:\/\/elektro-warnk.de\/?page_id=98\">zur\u00fcck<\/a><\/div>\n<\/div>\n","protected":false},"excerpt":{"rendered":"<p>Tiefbau und Kernbohrungen Gerade im Bereich der Sanierung von bestehenden Bauten und Anlagen ist es immer wieder erforderlich, neue Wege zu finden, um zus\u00e4tzliche Leitungen zu verlegen. Auf diesem Gebiet bieten wir Ihnen Diamantkernbohrungen an und decken die Weite bis max. 175 mm (trocken mit Absaugung) und max. 300 mm (nass) ab. Diese Bohrungen sind [&hellip;]<\/p>\n","protected":false},"author":1,"featured_media":0,"parent":0,"menu_order":0,"comment_status":"closed","ping_status":"closed","template":"","meta":{"ngg_post_thumbnail":0,"footnotes":""},"class_list":["post-354","page","type-page","status-publish","hentry"],"blocksy_meta":{"styles_descriptor":{"styles":{"desktop":"","tablet":"","mobile":""},"google_fonts":[],"version":6}},"_links":{"self":[{"href":"https:\/\/elektro-warnk.de\/index.php?rest_route=\/wp\/v2\/pages\/354","targetHints":{"allow":["GET"]}}],"collection":[{"href":"https:\/\/elektro-warnk.de\/index.php?rest_route=\/wp\/v2\/pages"}],"about":[{"href":"https:\/\/elektro-warnk.de\/index.php?rest_route=\/wp\/v2\/types\/page"}],"author":[{"embeddable":true,"href":"https:\/\/elektro-warnk.de\/index.php?rest_route=\/wp\/v2\/users\/1"}],"replies":[{"embeddable":true,"href":"https:\/\/elektro-warnk.de\/index.php?rest_route=%2Fwp%2Fv2%2Fcomments&post=354"}],"version-history":[{"count":4,"href":"https:\/\/elektro-warnk.de\/index.php?rest_route=\/wp\/v2\/pages\/354\/revisions"}],"predecessor-version":[{"id":463,"href":"https:\/\/elektro-warnk.de\/index.php?rest_route=\/wp\/v2\/pages\/354\/revisions\/463"}],"wp:attachment":[{"href":"https:\/\/elektro-warnk.de\/index.php?rest_route=%2Fwp%2Fv2%2Fmedia&parent=354"}],"curies":[{"name":"wp","href":"https:\/\/api.w.org\/{rel}","templated":true}]}}