{"id":359,"date":"2023-01-30T14:14:54","date_gmt":"2023-01-30T13:14:54","guid":{"rendered":"http:\/\/elektro-warnk.de\/?page_id=359"},"modified":"2023-02-01T12:29:26","modified_gmt":"2023-02-01T11:29:26","slug":"gravur","status":"publish","type":"page","link":"https:\/\/elektro-warnk.de\/?page_id=359","title":{"rendered":"Gravur"},"content":{"rendered":"\n<h4 class=\"wp-block-heading\">Schilder und Gravuren<\/h4>\n\n\n\n<p>Egal ob in den eigenen vier W\u00e4nden oder in der Firma, das Chaos hat ein Ende mit der richtigen Beschilderung!<\/p>\n\n\n\n<p>Als sinnvolle Erg\u00e4nzung im privaten und gewerblichen Bereich bieten wir Ihnen auch das Gravieren von Schildern aus Kunststoff \u00fcber Aluminium bis Edelstahl an. Die Fertigung ist m\u00f6glich bis zu einer Gr\u00f6\u00dfe von max. 600mm x 400 mm.<\/p>\n\n\n\n<div class=\"wp-block-media-text is-stacked-on-mobile\" style=\"grid-template-columns:40% auto\"><figure class=\"wp-block-media-text__media\"><img loading=\"lazy\" decoding=\"async\" width=\"500\" height=\"341\" src=\"https:\/\/elektro-warnk.de\/wp-content\/uploads\/2023\/01\/Gravur1.jpg\" alt=\"\" class=\"wp-image-332 size-full\" srcset=\"https:\/\/elektro-warnk.de\/wp-content\/uploads\/2023\/01\/Gravur1.jpg 500w, https:\/\/elektro-warnk.de\/wp-content\/uploads\/2023\/01\/Gravur1-300x205.jpg 300w\" sizes=\"auto, (max-width: 500px) 100vw, 500px\" \/><\/figure><div class=\"wp-block-media-text__content\">\n<p>Diese Gravuren f\u00fchren wir auf 3 CNC-Graviermaschinen aus und sind somit in der Lage, sehr pr\u00e4zise und hochwertig zu produzieren. Durch Eigenschaften wie hohe UV-Best\u00e4ndigkeit und Kratzfestigkeit sind die Schilder vielf\u00e4ltig einsetzbar, egal ob innen oder aussen, in den verschiedensten Bereichen.<\/p>\n\n\n\n<p>Durch den Einsatz von hochwertigen Lasersystemen sind wir in der Lage, h\u00f6chste Qualit\u00e4tsanspr\u00fcche aus der Industrie und im privaten Bereich zu erf\u00fcllen.<\/p>\n\n\n\n<p>Auch einen Hauch von Exclusivit\u00e4t k\u00f6nnen wir auf Wunsch zusichern, so wird beispielsweise schon Ihr Eingangsbereich mit der richtigen Beschilderung zu einem Blickfang.<\/p>\n<\/div><\/div>\n\n\n\n<div class=\"wp-block-buttons is-layout-flex wp-block-buttons-is-layout-flex\">\n<div class=\"wp-block-button\"><a class=\"wp-block-button__link wp-element-button\" href=\"https:\/\/elektro-warnk.de\/?page_id=98\">zur\u00fcck<\/a><\/div>\n<\/div>\n","protected":false},"excerpt":{"rendered":"<p>Schilder und Gravuren Egal ob in den eigenen vier W\u00e4nden oder in der Firma, das Chaos hat ein Ende mit der richtigen Beschilderung! Als sinnvolle Erg\u00e4nzung im privaten und gewerblichen Bereich bieten wir Ihnen auch das Gravieren von Schildern aus Kunststoff \u00fcber Aluminium bis Edelstahl an. Die Fertigung ist m\u00f6glich bis zu einer Gr\u00f6\u00dfe von [&hellip;]<\/p>\n","protected":false},"author":1,"featured_media":0,"parent":0,"menu_order":0,"comment_status":"closed","ping_status":"closed","template":"","meta":{"ngg_post_thumbnail":0,"footnotes":""},"class_list":["post-359","page","type-page","status-publish","hentry"],"blocksy_meta":{"styles_descriptor":{"styles":{"desktop":"","tablet":"","mobile":""},"google_fonts":[],"version":6}},"_links":{"self":[{"href":"https:\/\/elektro-warnk.de\/index.php?rest_route=\/wp\/v2\/pages\/359","targetHints":{"allow":["GET"]}}],"collection":[{"href":"https:\/\/elektro-warnk.de\/index.php?rest_route=\/wp\/v2\/pages"}],"about":[{"href":"https:\/\/elektro-warnk.de\/index.php?rest_route=\/wp\/v2\/types\/page"}],"author":[{"embeddable":true,"href":"https:\/\/elektro-warnk.de\/index.php?rest_route=\/wp\/v2\/users\/1"}],"replies":[{"embeddable":true,"href":"https:\/\/elektro-warnk.de\/index.php?rest_route=%2Fwp%2Fv2%2Fcomments&post=359"}],"version-history":[{"count":5,"href":"https:\/\/elektro-warnk.de\/index.php?rest_route=\/wp\/v2\/pages\/359\/revisions"}],"predecessor-version":[{"id":461,"href":"https:\/\/elektro-warnk.de\/index.php?rest_route=\/wp\/v2\/pages\/359\/revisions\/461"}],"wp:attachment":[{"href":"https:\/\/elektro-warnk.de\/index.php?rest_route=%2Fwp%2Fv2%2Fmedia&parent=359"}],"curies":[{"name":"wp","href":"https:\/\/api.w.org\/{rel}","templated":true}]}}