{"id":366,"date":"2023-01-30T14:26:04","date_gmt":"2023-01-30T13:26:04","guid":{"rendered":"http:\/\/elektro-warnk.de\/?page_id=366"},"modified":"2023-02-01T12:28:20","modified_gmt":"2023-02-01T11:28:20","slug":"e-check","status":"publish","type":"page","link":"https:\/\/elektro-warnk.de\/?page_id=366","title":{"rendered":"E-Check"},"content":{"rendered":"\n<h4 class=\"wp-block-heading\">E-Check<\/h4>\n\n\n\n<p>Man sieht ihn nicht, man h\u00f6rt ihn nicht und trotzdem geht ohne ihn so gut wie gar nichts mehr.<\/p>\n\n\n\n<div class=\"wp-block-media-text has-media-on-the-right is-stacked-on-mobile\" style=\"grid-template-columns:auto 16%\"><div class=\"wp-block-media-text__content\">\n<p><strong>Die Rede ist vom STROM!<\/strong><\/p>\n\n\n\n<p>Risiken diesbez\u00fcglich werden h\u00e4ufig untersch\u00e4tzt, schon ein kleiner Defekt kann sehr gro\u00dfe Sch\u00e4den verursachen. Als zertifiziertes Unternehmen erkennen wir Gefahren, bevor ein Schaden entsteht. Fehler in der Elektroinstallation k\u00f6nnen durch \u00dcberspannung oder Kurzschluss Gefahr f\u00fcr Leib und Leben bedeuten.<\/p>\n\n\n\n<p>Durch uns erhalten Sie Gewissheit, dass Ihre gepr\u00fcften Elektroinstallationen bzw. Elektroger\u00e4te allen Sicherheitsaspekten gen\u00fcgen. Auch ein Nachweis gegen\u00fcber Ihrer Versicherung kann in einem eventuellen Schadensfall nur von Vorteil sein!<\/p>\n\n\n\n<p><strong>Den E-Check gibt es seit 1996, er ist das anerkannte Pr\u00fcfsiegel f\u00fcr elektrische Installationen und Ger\u00e4te!<\/strong><\/p>\n<\/div><figure class=\"wp-block-media-text__media\"><img loading=\"lazy\" decoding=\"async\" width=\"1013\" height=\"1024\" src=\"https:\/\/elektro-warnk.de\/wp-content\/uploads\/2023\/01\/E-Check-1013x1024.png\" alt=\"\" class=\"wp-image-327 size-full\" srcset=\"https:\/\/elektro-warnk.de\/wp-content\/uploads\/2023\/01\/E-Check-1013x1024.png 1013w, https:\/\/elektro-warnk.de\/wp-content\/uploads\/2023\/01\/E-Check-297x300.png 297w, https:\/\/elektro-warnk.de\/wp-content\/uploads\/2023\/01\/E-Check-768x777.png 768w, https:\/\/elektro-warnk.de\/wp-content\/uploads\/2023\/01\/E-Check.png 1252w\" sizes=\"auto, (max-width: 1013px) 100vw, 1013px\" \/><\/figure><\/div>\n\n\n\n<p>Als zertifizierter Innungsfachbetrieb erhalten Sie bei uns Beratung in allen Fragen der Sicherheit, wir pr\u00fcfen elektrische Anlagen und Ger\u00e4te auf:<\/p>\n\n\n\n<ul class=\"wp-block-list\">\n<li>ihre Gebrauchs- und Funktionst\u00fcchtigkeit<\/li>\n\n\n\n<li>ihren ordnungsgem\u00e4\u00dfen, sicherheitstechnischen Zustand<\/li>\n\n\n\n<li>den Schutz gegen elektrischen Schlag und elektrisch gez\u00fcndeten Brand<\/li>\n\n\n\n<li>Massnahmen gegen Blitzeinwirkung und \u00dcberspannung<\/li>\n\n\n\n<li>Energieeinsparpotentiale<\/li>\n<\/ul>\n\n\n\n<p>Im gewerblichen Bereich kann es sich kein Unternehmen leisten, Betriebsst\u00f6rungen durch fehlerhafte Elektroanlagen und -ger\u00e4te hinzunehmen.<\/p>\n\n\n\n<p>Unser E-CHECK ist Basis f\u00fcr eine ganze Reihe von Verbesserungen im Betrieb \u2013 nicht nur, was die Sicherheit angeht. Zum Beispiel in punkto Arbeitsentlastung und Flexibilit\u00e4t: Wir pr\u00fcfen unter anderem, welche Systeme auch per Fernbedienung oder zentral gesteuert werden k\u00f6nnen, kl\u00e4ren auf \u00fcber Schnittstellen zur Geb\u00e4udetechnik und stellen fest: Wo k\u00f6nnen intelligente Automatisierungsl\u00f6sungen eingesetzt werden?<\/p>\n\n\n\n<p>Weitere Infos unter <a href=\"http:\/\/www.e-check.de\/\" target=\"_blank\" rel=\"noreferrer noopener\">e-check.de<\/a><\/p>\n\n\n\n<div class=\"wp-block-buttons is-layout-flex wp-block-buttons-is-layout-flex\">\n<div class=\"wp-block-button\"><a class=\"wp-block-button__link wp-element-button\" href=\"https:\/\/elektro-warnk.de\/?page_id=98\">zur\u00fcck<\/a><\/div>\n<\/div>\n","protected":false},"excerpt":{"rendered":"<p>E-Check Man sieht ihn nicht, man h\u00f6rt ihn nicht und trotzdem geht ohne ihn so gut wie gar nichts mehr. Die Rede ist vom STROM! Risiken diesbez\u00fcglich werden h\u00e4ufig untersch\u00e4tzt, schon ein kleiner Defekt kann sehr gro\u00dfe Sch\u00e4den verursachen. Als zertifiziertes Unternehmen erkennen wir Gefahren, bevor ein Schaden entsteht. Fehler in der Elektroinstallation k\u00f6nnen durch [&hellip;]<\/p>\n","protected":false},"author":1,"featured_media":0,"parent":0,"menu_order":0,"comment_status":"closed","ping_status":"closed","template":"","meta":{"ngg_post_thumbnail":0,"footnotes":""},"class_list":["post-366","page","type-page","status-publish","hentry"],"blocksy_meta":{"styles_descriptor":{"styles":{"desktop":"","tablet":"","mobile":""},"google_fonts":[],"version":6}},"_links":{"self":[{"href":"https:\/\/elektro-warnk.de\/index.php?rest_route=\/wp\/v2\/pages\/366","targetHints":{"allow":["GET"]}}],"collection":[{"href":"https:\/\/elektro-warnk.de\/index.php?rest_route=\/wp\/v2\/pages"}],"about":[{"href":"https:\/\/elektro-warnk.de\/index.php?rest_route=\/wp\/v2\/types\/page"}],"author":[{"embeddable":true,"href":"https:\/\/elektro-warnk.de\/index.php?rest_route=\/wp\/v2\/users\/1"}],"replies":[{"embeddable":true,"href":"https:\/\/elektro-warnk.de\/index.php?rest_route=%2Fwp%2Fv2%2Fcomments&post=366"}],"version-history":[{"count":6,"href":"https:\/\/elektro-warnk.de\/index.php?rest_route=\/wp\/v2\/pages\/366\/revisions"}],"predecessor-version":[{"id":459,"href":"https:\/\/elektro-warnk.de\/index.php?rest_route=\/wp\/v2\/pages\/366\/revisions\/459"}],"wp:attachment":[{"href":"https:\/\/elektro-warnk.de\/index.php?rest_route=%2Fwp%2Fv2%2Fmedia&parent=366"}],"curies":[{"name":"wp","href":"https:\/\/api.w.org\/{rel}","templated":true}]}}