{"id":375,"date":"2023-01-30T14:34:37","date_gmt":"2023-01-30T13:34:37","guid":{"rendered":"http:\/\/elektro-warnk.de\/?page_id=375"},"modified":"2023-02-01T12:27:30","modified_gmt":"2023-02-01T11:27:30","slug":"brandschotte-2","status":"publish","type":"page","link":"https:\/\/elektro-warnk.de\/?page_id=375","title":{"rendered":"Brandschotte_leist"},"content":{"rendered":"\n<h4 class=\"wp-block-heading\">Brandschotte<\/h4>\n\n\n\n<div class=\"wp-block-media-text has-media-on-the-right is-stacked-on-mobile\" style=\"grid-template-columns:auto 42%\"><div class=\"wp-block-media-text__content\">\n<p>Brandschotte verhindern in elektrischen und elektrotechnischen Installationen die Brandausbreitung und Weiterleitung von Rauch f\u00fcr eine vorgegebene Feuerwiderstandsdauer.<\/p>\n\n\n\n<p><\/p>\n\n\n\n<p><\/p>\n\n\n\n<p>Die von uns verbauten Brandschotte werden gem\u00e4\u00df DIN 4102 bzw. EN 13501-1 hergestellt und entsprechen somit den gesetzlichen Rahmenbedingungen.<\/p>\n\n\n\n<p>Grafik: Quelle W\u00fcrth (Online)<\/p>\n<\/div><figure class=\"wp-block-media-text__media\"><img loading=\"lazy\" decoding=\"async\" width=\"530\" height=\"358\" src=\"https:\/\/elektro-warnk.de\/wp-content\/uploads\/2023\/01\/Brandschott.png\" alt=\"\" class=\"wp-image-324 size-full\" srcset=\"https:\/\/elektro-warnk.de\/wp-content\/uploads\/2023\/01\/Brandschott.png 530w, https:\/\/elektro-warnk.de\/wp-content\/uploads\/2023\/01\/Brandschott-300x203.png 300w\" sizes=\"auto, (max-width: 530px) 100vw, 530px\" \/><\/figure><\/div>\n\n\n\n<div class=\"wp-block-buttons is-layout-flex wp-block-buttons-is-layout-flex\">\n<div class=\"wp-block-button\"><a class=\"wp-block-button__link wp-element-button\" href=\"https:\/\/elektro-warnk.de\/?page_id=98\">zur\u00fcck<\/a><\/div>\n<\/div>\n","protected":false},"excerpt":{"rendered":"<p>Brandschotte Brandschotte verhindern in elektrischen und elektrotechnischen Installationen die Brandausbreitung und Weiterleitung von Rauch f\u00fcr eine vorgegebene Feuerwiderstandsdauer. Die von uns verbauten Brandschotte werden gem\u00e4\u00df DIN 4102 bzw. EN 13501-1 hergestellt und entsprechen somit den gesetzlichen Rahmenbedingungen. Grafik: Quelle W\u00fcrth (Online)<\/p>\n","protected":false},"author":1,"featured_media":0,"parent":0,"menu_order":0,"comment_status":"closed","ping_status":"closed","template":"","meta":{"ngg_post_thumbnail":0,"footnotes":""},"class_list":["post-375","page","type-page","status-publish","hentry"],"blocksy_meta":{"styles_descriptor":{"styles":{"desktop":"","tablet":"","mobile":""},"google_fonts":[],"version":6}},"_links":{"self":[{"href":"https:\/\/elektro-warnk.de\/index.php?rest_route=\/wp\/v2\/pages\/375","targetHints":{"allow":["GET"]}}],"collection":[{"href":"https:\/\/elektro-warnk.de\/index.php?rest_route=\/wp\/v2\/pages"}],"about":[{"href":"https:\/\/elektro-warnk.de\/index.php?rest_route=\/wp\/v2\/types\/page"}],"author":[{"embeddable":true,"href":"https:\/\/elektro-warnk.de\/index.php?rest_route=\/wp\/v2\/users\/1"}],"replies":[{"embeddable":true,"href":"https:\/\/elektro-warnk.de\/index.php?rest_route=%2Fwp%2Fv2%2Fcomments&post=375"}],"version-history":[{"count":4,"href":"https:\/\/elektro-warnk.de\/index.php?rest_route=\/wp\/v2\/pages\/375\/revisions"}],"predecessor-version":[{"id":458,"href":"https:\/\/elektro-warnk.de\/index.php?rest_route=\/wp\/v2\/pages\/375\/revisions\/458"}],"wp:attachment":[{"href":"https:\/\/elektro-warnk.de\/index.php?rest_route=%2Fwp%2Fv2%2Fmedia&parent=375"}],"curies":[{"name":"wp","href":"https:\/\/api.w.org\/{rel}","templated":true}]}}