{"id":454,"date":"2023-02-01T12:25:05","date_gmt":"2023-02-01T11:25:05","guid":{"rendered":"http:\/\/elektro-warnk.de\/?page_id=454"},"modified":"2023-02-06T14:34:49","modified_gmt":"2023-02-06T13:34:49","slug":"strassenbel_leist","status":"publish","type":"page","link":"https:\/\/elektro-warnk.de\/?page_id=454","title":{"rendered":"strassenbel_leist"},"content":{"rendered":"\n<h4 class=\"wp-block-heading\">Errichtung, Wartung und Reparatur von Stra\u00dfenbeleuchtungsanlagen<\/h4>\n\n\n\n<div class=\"wp-block-media-text is-stacked-on-mobile is-vertically-aligned-center\" style=\"grid-template-columns:17% auto\"><figure class=\"wp-block-media-text__media\"><img loading=\"lazy\" decoding=\"async\" width=\"768\" height=\"1024\" src=\"https:\/\/elektro-warnk.de\/wp-content\/uploads\/2023\/02\/Strassenbel2-768x1024.jpeg\" alt=\"\" class=\"wp-image-436 size-full\" srcset=\"https:\/\/elektro-warnk.de\/wp-content\/uploads\/2023\/02\/Strassenbel2-768x1024.jpeg 768w, https:\/\/elektro-warnk.de\/wp-content\/uploads\/2023\/02\/Strassenbel2-225x300.jpeg 225w, https:\/\/elektro-warnk.de\/wp-content\/uploads\/2023\/02\/Strassenbel2-1152x1536.jpeg 1152w, https:\/\/elektro-warnk.de\/wp-content\/uploads\/2023\/02\/Strassenbel2.jpeg 1536w\" sizes=\"auto, (max-width: 768px) 100vw, 768px\" \/><\/figure><div class=\"wp-block-media-text__content\">\n<p>Eine wesentliche Aufgabe der modernen Stra\u00dfenbeleuchtung ist es, als Bestandteil der allgemeinen \u00f6ffentlichen Sicherheit, die Verkehrssicherheit aller Verkehrsteilnehmer in der Nacht zu verbessern.<\/p>\n\n\n\n<p>Nat\u00fcrlich spielt auch in diesem Bereich die Notwendigkeit der Betreiber und Kommunen, Energie einzusparen, eine wesentliche Rolle. Eine moderne LED-Lampe verbraucht ca. 80% weniger Energie im Vergleich zu  einer Quecksilberdampf-Hochdruck-Lampe (Quelle <a href=\"https:\/\/www.licht.de\/de\/\" data-type=\"URL\" data-id=\"https:\/\/www.licht.de\/de\/\" target=\"_blank\" rel=\"noopener\">www.licht.de<\/a>).<\/p>\n\n\n\n<p>Bei Bedarf stellen wir Ihre Strassenbeleuchtung auf moderne, energiesparende und zukunftsbereite LED-Technik um. <\/p>\n\n\n\n<p>Bitte sprechen Sie uns dazu an!<\/p>\n<\/div><\/div>\n\n\n\n<div class=\"wp-block-buttons is-layout-flex wp-block-buttons-is-layout-flex\">\n<div class=\"wp-block-button\"><a class=\"wp-block-button__link wp-element-button\" href=\"https:\/\/elektro-warnk.de\/?page_id=98\">zur\u00fcck<\/a><\/div>\n<\/div>\n","protected":false},"excerpt":{"rendered":"<p>Errichtung, Wartung und Reparatur von Stra\u00dfenbeleuchtungsanlagen Eine wesentliche Aufgabe der modernen Stra\u00dfenbeleuchtung ist es, als Bestandteil der allgemeinen \u00f6ffentlichen Sicherheit, die Verkehrssicherheit aller Verkehrsteilnehmer in der Nacht zu verbessern. Nat\u00fcrlich spielt auch in diesem Bereich die Notwendigkeit der Betreiber und Kommunen, Energie einzusparen, eine wesentliche Rolle. Eine moderne LED-Lampe verbraucht ca. 80% weniger Energie im [&hellip;]<\/p>\n","protected":false},"author":1,"featured_media":0,"parent":0,"menu_order":0,"comment_status":"closed","ping_status":"closed","template":"","meta":{"ngg_post_thumbnail":0,"footnotes":""},"class_list":["post-454","page","type-page","status-publish","hentry"],"blocksy_meta":{"styles_descriptor":{"styles":{"desktop":"","tablet":"","mobile":""},"google_fonts":[],"version":6}},"_links":{"self":[{"href":"https:\/\/elektro-warnk.de\/index.php?rest_route=\/wp\/v2\/pages\/454","targetHints":{"allow":["GET"]}}],"collection":[{"href":"https:\/\/elektro-warnk.de\/index.php?rest_route=\/wp\/v2\/pages"}],"about":[{"href":"https:\/\/elektro-warnk.de\/index.php?rest_route=\/wp\/v2\/types\/page"}],"author":[{"embeddable":true,"href":"https:\/\/elektro-warnk.de\/index.php?rest_route=\/wp\/v2\/users\/1"}],"replies":[{"embeddable":true,"href":"https:\/\/elektro-warnk.de\/index.php?rest_route=%2Fwp%2Fv2%2Fcomments&post=454"}],"version-history":[{"count":8,"href":"https:\/\/elektro-warnk.de\/index.php?rest_route=\/wp\/v2\/pages\/454\/revisions"}],"predecessor-version":[{"id":505,"href":"https:\/\/elektro-warnk.de\/index.php?rest_route=\/wp\/v2\/pages\/454\/revisions\/505"}],"wp:attachment":[{"href":"https:\/\/elektro-warnk.de\/index.php?rest_route=%2Fwp%2Fv2%2Fmedia&parent=454"}],"curies":[{"name":"wp","href":"https:\/\/api.w.org\/{rel}","templated":true}]}}